{"id":3,"date":"2020-05-20T07:02:55","date_gmt":"2020-05-20T07:02:55","guid":{"rendered":"http:\/\/malditatarjeta.es\/?page_id=3"},"modified":"2020-05-20T08:13:28","modified_gmt":"2020-05-20T08:13:28","slug":"politica-privacidad","status":"publish","type":"page","link":"https:\/\/malditatarjeta.es\/?page_id=3","title":{"rendered":"Pol\u00edtica de privacidad"},"content":{"rendered":"<p><b>Condiciones de Uso y Privacidad<\/b><\/p>\n<p><i><span style=\"font-weight: 400;\">\u00daltima actualizaci\u00f3n: 29 de abril de 2019<\/span><\/i><\/p>\n<p><b>1.- Titular y Responsable<\/b><\/p>\n<p><span style=\"font-weight: 400;\">El titular de esta web y responsable del tratamiento es Coaga Consultores y Auditores, SLP, con domicilio en Calle Mar\u00eda Puga Cerdido, 11 Bajo, 15009, A Coru\u00f1a.<\/span><\/p>\n<ul>\n<li style=\"font-weight: 400;\"><span style=\"font-weight: 400;\">NIF: B70114723<\/span><\/li>\n<li style=\"font-weight: 400;\"><span style=\"font-weight: 400;\">Correo electr\u00f3nico: coaga@coaga.es<\/span><\/li>\n<\/ul>\n<p><span style=\"font-weight: 400;\">El uso de la web atribuye la condici\u00f3n de usuario, y con ello aceptas los t\u00e9rminos y condiciones a continuaci\u00f3n indicados, igual que nuestra Pol\u00edtica de Cookies.<\/span><\/p>\n<p><b>2.- Enlaces externos<\/b><\/p>\n<p><span style=\"font-weight: 400;\">Puede que la web enlace hacia otros sitios web.<\/span><\/p>\n<p><span style=\"font-weight: 400;\">Sin embargo, no ejercemos ning\u00fan tipo de control sobre dichos sitios ni sus contenidos, que en realidad est\u00e1n sujetos a sus propios t\u00e9rminos y condiciones. Tampoco asumimos asociaci\u00f3n o responsabilidad alguna por los mismos, ni garantizamos su disponibilidad t\u00e9cnica, calidad, fiabilidad, exactitud o veracidad.<\/span><\/p>\n<p><b>3.- Propiedad Intelectual e Industrial<\/b><\/p>\n<p><span style=\"font-weight: 400;\">El Servicio es titular o licenciatario de todos los derechos de propiedad intelectual e industrial de su web, as\u00ed como de los elementos contenidos en la misma.<\/span><\/p>\n<p><span style=\"font-weight: 400;\">Por ello, queda expresamente prohibida la reproducci\u00f3n, distribuci\u00f3n, comunicaci\u00f3n p\u00fablica y transformaci\u00f3n de la totalidad o parte de los contenidos de esta web, con fines comerciales, en cualquier soporte y por cualquier medio t\u00e9cnico, sin la autorizaci\u00f3n del Servicio.<\/span><\/p>\n<p><b>4.- Protecci\u00f3n de datos<\/b><\/p>\n<p><b>4.1.- Informaci\u00f3n recopilada<\/b><\/p>\n<p><span style=\"font-weight: 400;\">El Servicio puede usarse sin necesidad de proporcionar ning\u00fan dato, si bien para contactar con alguno de nuestros profesionales, solicitar una cita y poder recibir un asesoramiento legal, necesitar\u00e1s indicarnos algunos datos personales.<\/span><\/p>\n<p><span style=\"font-weight: 400;\">La informaci\u00f3n personal y no personal recogida cambiar\u00e1 en funci\u00f3n del uso que hagas de la p\u00e1gina web y sus caracter\u00edsticas.<\/span><\/p>\n<p><span style=\"font-weight: 400;\">La informaci\u00f3n personal y no personal recopilada nos llegar\u00e1 por dos v\u00edas:\u00a0<\/span><b>1)<\/b><span style=\"font-weight: 400;\">\u00a0la recopilada autom\u00e1ticamente\u00a0<\/span><b>2)<\/b><span style=\"font-weight: 400;\">\u00a0la que nos proporciones voluntariamente.<\/span><\/p>\n<p><b>4.1.1.- Datos recogidos autom\u00e1ticamente<\/b><\/p>\n<p><span style=\"font-weight: 400;\">Esta informaci\u00f3n consistir\u00e1 en:<\/span><\/p>\n<ul>\n<li style=\"font-weight: 400;\"><span style=\"font-weight: 400;\">La recopilada mediante cookies o mecanismos similares almacenados en tu dispositivo, siempre con tu consentimiento. Consulta nuestra Pol\u00edtica de Cookies para m\u00e1s informaci\u00f3n.<\/span><\/li>\n<li style=\"font-weight: 400;\"><span style=\"font-weight: 400;\">La IP desde la que se realiza la conexi\u00f3n, el tipo de dispositivo usado y sus caracter\u00edsticas, la versi\u00f3n del sistema operativo, el tipo de navegador, el idioma, la fecha, el pa\u00eds, la hora de la solicitud, la URL de referencia o la red m\u00f3vil empleada, entre otros.<\/span><\/li>\n<li style=\"font-weight: 400;\"><span style=\"font-weight: 400;\">Datos de uso del sitio y posibles errores detectados durante su utilizaci\u00f3n, como p\u00e1ginas no encontradas o visualizaciones err\u00f3neas.<\/span><\/li>\n<\/ul>\n<p><b>4.1.2.- Datos proporcionados voluntariamente<\/b><\/p>\n<p><span style=\"font-weight: 400;\">Esta informaci\u00f3n consistir\u00e1 en:<\/span><\/p>\n<ul>\n<li style=\"font-weight: 400;\"><span style=\"font-weight: 400;\">La informaci\u00f3n, personal o no, que pudieran contener los mensajes enviados a trav\u00e9s de los canales de contacto u opini\u00f3n establecidos en el Servicio, por ejemplo tu nombre, correo electr\u00f3nico, tel\u00e9fono de contacto y mensaje, entre otros.<\/span><\/li>\n<\/ul>\n<p><span style=\"font-weight: 400;\">Los campos obligatorios estar\u00e1n marcados con un asterisco.<\/span><\/p>\n<p><b>4.2.- Derechos<\/b><\/p>\n<p><span style=\"font-weight: 400;\">Te informamos que la cumplimentaci\u00f3n de los formularios tiene car\u00e1cter voluntario. Ahora bien, si no rellenas los campos obligatorios (marcados con un asterisco) el uso de algunas funciones del sitio no ser\u00e1 posible o se ver\u00e1 limitado.<\/span><\/p>\n<p><span style=\"font-weight: 400;\">Los datos personales que nos facilites quedan incorporados y ser\u00e1n tratados en los ficheros titularidad del Servicio, con el fin de poder atender tus peticiones.<\/span><\/p>\n<p><span style=\"font-weight: 400;\">Puedes ejercer en cualquier momento los derechos de acceso, rectificaci\u00f3n, supresi\u00f3n, limitaci\u00f3n de tu tratamiento, oposici\u00f3n y portabilidad de tus datos de car\u00e1cter personal mediante correo electr\u00f3nico dirigido a: coaga@coaga.es o a la direcci\u00f3n postal Calle Mar\u00eda Puga Cerdido, 11 Bajo, 15009, A Coru\u00f1a.<\/span><\/p>\n<p><span style=\"font-weight: 400;\">En ambos casos deber\u00e1s identificarte con tu nombre y apellidos, adem\u00e1s de una copia de tu DNI o ID nacional, si fuese necesario.<\/span><\/p>\n<p><a href=\"https:\/\/www.aepd.es\/reglamento\/derechos\/index.html\"><span style=\"font-weight: 400;\">Aqu\u00ed<\/span><\/a><span style=\"font-weight: 400;\">\u00a0puedes encontrar los diferentes modelos para ejercer tales derechos.<\/span><\/p>\n<p><span style=\"font-weight: 400;\">En el caso de que hayas otorgado el consentimiento para alguna finalidad espec\u00edfica, tienes derecho a retirar el consentimiento en cualquier momento, sin que ello afecte a la licitud del tratamiento basado en el consentimiento previo a su retirada.<\/span><\/p>\n<p><span style=\"font-weight: 400;\">Adem\u00e1s, si consideras que hay un problema con la forma en la que estamos manejando tus datos, puedes dirigir tus reclamaciones a la\u00a0<\/span><a href=\"https:\/\/www.aepd.es\/reglamento\/derechos\/index.html\"><span style=\"font-weight: 400;\">autoridad de protecci\u00f3n de datos<\/span><\/a><span style=\"font-weight: 400;\">\u00a0que corresponda, siendo la\u00a0<\/span><a href=\"https:\/\/www.aepd.es\/\"><span style=\"font-weight: 400;\">Agencia Espa\u00f1ola de Protecci\u00f3n de Datos<\/span><\/a><span style=\"font-weight: 400;\">\u00a0la indicada en el caso de Espa\u00f1a.<\/span><\/p>\n<p><b>4.3.- Uso de los Datos<\/b><\/p>\n<p><span style=\"font-weight: 400;\">El Servicio usar\u00e1 los datos recopilados para:<\/span><\/p>\n<ul>\n<li style=\"font-weight: 400;\"><span style=\"font-weight: 400;\">Administrar, actualizar y prestar el Servicio (siendo la base legal nuestro inter\u00e9s leg\u00edtimo en mantener y conservar el Servicio al d\u00eda y en buen estado).<\/span><\/li>\n<li style=\"font-weight: 400;\"><span style=\"font-weight: 400;\">Atender las cuestiones que plantees (siendo la base legal nuestro inter\u00e9s leg\u00edtimo en atender las peticiones y dudas de nuestros usuarios).<\/span><\/li>\n<li style=\"font-weight: 400;\"><span style=\"font-weight: 400;\">Remitir boletines y comunicaciones comerciales de promociones y\/o publicidad de Coaga Consultores y Auditores S.L.P.<\/span><\/li>\n<li style=\"font-weight: 400;\"><span style=\"font-weight: 400;\">Mantener la seguridad del Servicio, investigar actividades il\u00edcitas, hacer cumplir nuestros t\u00e9rminos y condiciones y ayudar a los cuerpos y fuerzas de seguridad del estado en el marco de sus eventuales investigaciones (siendo la base legal el nuestro inter\u00e9s leg\u00edtimo en garantizar y mantener la seguridad del Servicio y sus usuarios).<\/span><\/li>\n<\/ul>\n<p><b>4.3.1.- En mails y formularios de contacto<\/b><\/p>\n<p><span style=\"font-weight: 400;\">La web del sitio cuenta con un cifrado SSL que permite al usuario el env\u00edo seguro de sus datos personales a trav\u00e9s de formularios de contacto de tipo est\u00e1ndar.<\/span><\/p>\n<p><span style=\"font-weight: 400;\">Los datos personales recogidos ser\u00e1n objeto de tratamiento automatizado e incorporados a los correspondientes ficheros del registro de actividad y de los que el Servicio es titular.<\/span><\/p>\n<p><span style=\"font-weight: 400;\">En ese sentido:<\/span><\/p>\n<ul>\n<li style=\"font-weight: 400;\"><span style=\"font-weight: 400;\">Nos llegar\u00e1 tu IP, que ser\u00e1 usada para comprobar el origen del mensaje con objeto de ofrecerte recomendaciones adecuadas (por ejemplo presentar la informaci\u00f3n en el idioma correcto) y para detectar posibles irregularidades (por ejemplo posibles intentos de ciberataque al Servicio), as\u00ed como datos relativos a tu ISP.<\/span><\/li>\n<li style=\"font-weight: 400;\"><span style=\"font-weight: 400;\">Asimismo, podr\u00e1s facilitarnos tus datos a trav\u00e9s de tel\u00e9fono, correo electr\u00f3nico y otros medios de comunicaci\u00f3n indicados.<\/span><\/li>\n<\/ul>\n<p><b>4.3.2.- En redes sociales<\/b><\/p>\n<p><span style=\"font-weight: 400;\">Contamos con perfiles en algunas de las principales redes sociales de Internet siendo el Servicio el responsable del tratamiento en relaci\u00f3n con los datos publicados en las mismas (por ejemplo, nombre de usuario, correo electr\u00f3nico, foto de perfil, entre otras).<\/span><\/p>\n<p><span style=\"font-weight: 400;\">El tratamiento que el Servicio llevar\u00e1 a cabo con los datos dentro de cada una de las referidas redes ser\u00e1, como m\u00e1ximo, el que la red social permita a los perfiles corporativos.<\/span><\/p>\n<p><span style=\"font-weight: 400;\">As\u00ed pues, el Servicio podr\u00e1 informar, cuando la ley no lo proh\u00edba, a nuestros seguidores por cualquier v\u00eda que la red social permita sobre sus actividades, as\u00ed como prestar un servicio personalizado de atenci\u00f3n al usuario.<\/span><\/p>\n<p><span style=\"font-weight: 400;\">En ning\u00fan caso extraeremos datos de las redes sociales, a menos que se obtuviera puntual y expresamente el consentimiento del usuario para ello.<\/span><\/p>\n<p><span style=\"font-weight: 400;\">Cuando debido a la propia naturaleza de las redes sociales, ejercer tus derechos dependa de la modificaci\u00f3n de tu perfil, te ayudaremos y aconsejaremos en la medida de nuestras posibilidades.<\/span><\/p>\n<p><b>4.4.- Conservaci\u00f3n de los Datos<\/b><\/p>\n<p><span style=\"font-weight: 400;\">A continuaci\u00f3n se indican por cu\u00e1nto tiempo se conservan los datos tratados por el Servicio:<\/span><\/p>\n<ul>\n<li style=\"font-weight: 400;\"><span style=\"font-weight: 400;\">Los datos desagregados ser\u00e1n conservados sin plazo de supresi\u00f3n.<\/span><\/li>\n<li style=\"font-weight: 400;\"><span style=\"font-weight: 400;\">Los datos de los clientes ser\u00e1n conservados el m\u00ednimo necesario, pudiendo<\/span><span style=\"font-weight: 400;\"><br \/><\/span><span style=\"font-weight: 400;\">mantenerse hasta:<\/span>\n<ul>\n<li style=\"font-weight: 400;\"><span style=\"font-weight: 400;\">5 a\u00f1os, seg\u00fan el art. 1964 del C\u00f3digo Civil (acciones personales sin plazo especial).<\/span><\/li>\n<li style=\"font-weight: 400;\"><span style=\"font-weight: 400;\">6 a\u00f1os, seg\u00fan el art. 30 del C\u00f3digo de Comercio (libros de contabilidad o factura, por ejemplo).<\/span><\/li>\n<\/ul>\n<\/li>\n<li style=\"font-weight: 400;\"><span style=\"font-weight: 400;\">Los datos de usuarios subidos por el Servicio a p\u00e1ginas y perfiles en redes sociales se conservar\u00e1n desde que el usuario ofrece su consentimiento hasta que lo retira.<\/span><\/li>\n<\/ul>\n<p><b>5.- Datos compartidos con terceros<\/b><\/p>\n<p><span style=\"font-weight: 400;\">Hay terceros que gestionan parte del Servicio.<\/span><\/p>\n<p><span style=\"font-weight: 400;\">A ellos el Servicio les exige que cumplan estas Condiciones de Uso y Privacidad en lo que les resulte aplicable y adem\u00e1s ellos deber\u00e1n tener la suya propia. No obstante, el Servicio no ser\u00e1 responsable del cumplimiento de dicha pol\u00edtica.<\/span><\/p>\n<p><span style=\"font-weight: 400;\">Bajo algunas circunstancias, el Servicio podr\u00e1 compartir, usar, preservar o divulgar informaci\u00f3n personal con terceros, de forma no agregada:<\/span><\/p>\n<p><b>Para prestar el Servicio:<\/b><\/p>\n<p><span style=\"font-weight: 400;\">Los proveedores de servicios que prestan funciones en nuestro nombre, como por ejemplo el alojamiento web, la anal\u00edtica o alojamiento de datos. Estos proveedores de servicios pueden recopilar y tener acceso a la informaci\u00f3n que les sea necesaria para desempe\u00f1ar sus funciones, pero no tienen permitido compartir o utilizar la informaci\u00f3n para ning\u00fan otro prop\u00f3sito.<\/span><\/p>\n<p><b>Para cooperar con las autoridades competentes:<\/b><\/p>\n<p><span style=\"font-weight: 400;\">\u200bSi creemos que es razonablemente necesario para satisfacer cualquier ley, proceso legal o inter\u00e9s leg\u00edtimo. En cualquier caso, s\u00f3lo proporcionaremos la informaci\u00f3n estrictamente requerida.<\/span><\/p>\n<p><b>6.- Responsabilidad<\/b><\/p>\n<p><span style=\"font-weight: 400;\">Hasta donde la ley lo permita, el Servicio no se hace responsable de:\u00a0<\/span><b>a)<\/b><span style=\"font-weight: 400;\">\u00a0los errores u omisiones en los contenidos;\u00a0<\/span><b>b)<\/b><span style=\"font-weight: 400;\">\u00a0la falta de disponibilidad de la web o;\u00a0<\/span><b>c)<\/b><span style=\"font-weight: 400;\">\u00a0la transmisi\u00f3n de programas maliciosos en los contenidos, a pesar de haber adoptado todas las medidas tecnol\u00f3gicas razonables para evitarlo.<\/span><\/p>\n<p><b>7.- Modificaciones<\/b><\/p>\n<p><span style=\"font-weight: 400;\">El Servicio se reserva el derecho de efectuar sin previo aviso las modificaciones que considere oportunas en su web, pudiendo cambiar, suprimir o a\u00f1adir tanto los contenidos y servicios que se presten a trav\u00e9s de la misma como la forma en la que \u00e9stos aparezcan presentados.<\/span><\/p>\n<p><span style=\"font-weight: 400;\">Por otro lado, los presentes t\u00e9rminos y condiciones podr\u00e1n cambiar en cualquier momento. Las modificaciones entrar\u00e1n en vigor desde el momento de su publicaci\u00f3n.<\/span><\/p>\n<p><b>8.- Cookies<\/b><\/p>\n<p><span style=\"font-weight: 400;\">Consulta nuestra\u00a0<\/span><b>Pol\u00edtica de Cookies<\/b><span style=\"font-weight: 400;\">\u00a0para conocer el uso que hacemos de ellas.<\/span><\/p>\n<p><b>9.- Medidas de seguridad<\/b><\/p>\n<p><span style=\"font-weight: 400;\">El Servicio adopta todas las medidas t\u00e9cnicas y organizativas necesarias para proteger la seguridad e integridad de la informaci\u00f3n personal y no personal recopilada.<\/span><\/p>\n<p><span style=\"font-weight: 400;\">Tanto frente a accesos no autorizados como su alteraci\u00f3n, p\u00e9rdida o destrucci\u00f3n accidentales.<\/span><\/p>\n<p><span style=\"font-weight: 400;\">En todo caso, el Servicio no puede garantizar la seguridad absoluta de la informaci\u00f3n recopilada, por lo que debes colaborar y utilizar en todo momento el sentido com\u00fan sobre la informaci\u00f3n compartida.<\/span><\/p>\n<p><span style=\"font-weight: 400;\">Entiendes y reconoces que, incluso despu\u00e9s de su eliminaci\u00f3n, la informaci\u00f3n personal y no personal puede permanecer visible en cach\u00e9 o si otros usuarios la han copiado o almacenado.<\/span><\/p>\n<p><b>10.- Contacto<\/b><\/p>\n<p><span style=\"font-weight: 400;\">Si tienes dudas sobre estas condiciones de uso y privacidad, contacta con nosotros en:<\/span><\/p>\n<ul>\n<li style=\"font-weight: 400;\"><span style=\"font-weight: 400;\">E-mail: coaga@coaga.es<\/span><\/li>\n<li style=\"font-weight: 400;\"><span style=\"font-weight: 400;\">Direcci\u00f3n: Calle Mar\u00eda Puga Cerdido, 11 Bajo, 15009, A Coru\u00f1a.<\/span><\/li>\n<\/ul>\n","protected":false},"excerpt":{"rendered":"<p>Condiciones de Uso y Privacidad \u00daltima actualizaci\u00f3n: 29 de abril de 2019 1.- Titular y Responsable El titular de esta web y responsable del tratamiento es Coaga Consultores y Auditores, SLP, con domicilio en Calle Mar\u00eda Puga Cerdido, 11 Bajo, 15009, A Coru\u00f1a. NIF: B70114723 Correo electr\u00f3nico: coaga@coaga.es El uso de la web atribuye la&hellip;<\/p>\n","protected":false},"author":1,"featured_media":0,"parent":0,"menu_order":0,"comment_status":"closed","ping_status":"open","template":"","meta":{"footnotes":""},"class_list":["post-3","page","type-page","status-publish","hentry"],"_links":{"self":[{"href":"https:\/\/malditatarjeta.es\/index.php?rest_route=\/wp\/v2\/pages\/3","targetHints":{"allow":["GET"]}}],"collection":[{"href":"https:\/\/malditatarjeta.es\/index.php?rest_route=\/wp\/v2\/pages"}],"about":[{"href":"https:\/\/malditatarjeta.es\/index.php?rest_route=\/wp\/v2\/types\/page"}],"author":[{"embeddable":true,"href":"https:\/\/malditatarjeta.es\/index.php?rest_route=\/wp\/v2\/users\/1"}],"replies":[{"embeddable":true,"href":"https:\/\/malditatarjeta.es\/index.php?rest_route=%2Fwp%2Fv2%2Fcomments&post=3"}],"version-history":[{"count":0,"href":"https:\/\/malditatarjeta.es\/index.php?rest_route=\/wp\/v2\/pages\/3\/revisions"}],"wp:attachment":[{"href":"https:\/\/malditatarjeta.es\/index.php?rest_route=%2Fwp%2Fv2%2Fmedia&parent=3"}],"curies":[{"name":"wp","href":"https:\/\/api.w.org\/{rel}","templated":true}]}}