{"id":12,"date":"2020-05-20T07:55:55","date_gmt":"2020-05-20T07:55:55","guid":{"rendered":"http:\/\/malditatarjeta.es\/?page_id=12"},"modified":"2020-09-10T18:16:07","modified_gmt":"2020-09-10T16:16:07","slug":"maldita-tarjeta-facebook","status":"publish","type":"page","link":"https:\/\/malditatarjeta.es\/","title":{"rendered":"Maldita Tarjeta facebook"},"content":{"rendered":"<div class=\"wpb-content-wrapper\"><p>[vc_row full_width=\u00bbstretch_row\u00bb css=\u00bb.vc_custom_1589962967188{padding-top: 320px !important;background-image: url(http:\/\/malditatarjeta.es\/wp-content\/uploads\/2020\/05\/6-Ways-To-Successfully-Get-Out-Of-Debt.jpg?id=13) !important;background-position: center !important;background-repeat: no-repeat !important;background-size: cover !important;}\u00bb][vc_column][vc_single_image image=\u00bb9&#8243; alignment=\u00bbcenter\u00bb][\/vc_column][\/vc_row][vc_row][vc_column][vc_empty_space height=\u00bb60px\u00bb][vc_custom_heading text=\u00bbD\u00e9jenos sus datos y nos pondremos en contacto\u00bb font_container=\u00bbtag:h1|text_align:left\u00bb use_theme_fonts=\u00bbyes\u00bb][vc_empty_space][vc_row_inner el_class=\u00bbcontacto\u00bb][vc_column_inner]\n<div class=\"wpcf7 no-js\" id=\"wpcf7-f10-o1\" lang=\"es-ES\" dir=\"ltr\" data-wpcf7-id=\"10\">\n<div class=\"screen-reader-response\"><p role=\"status\" aria-live=\"polite\" aria-atomic=\"true\"><\/p> <ul><\/ul><\/div>\n<form action=\"\/index.php?rest_route=%2Fwp%2Fv2%2Fpages%2F12#wpcf7-f10-o1\" method=\"post\" class=\"wpcf7-form init\" aria-label=\"Formulario de contacto\" novalidate=\"novalidate\" data-status=\"init\">\n<div style=\"display: none;\">\n<input type=\"hidden\" name=\"_wpcf7\" value=\"10\" \/>\n<input type=\"hidden\" name=\"_wpcf7_version\" value=\"6.0.5\" \/>\n<input type=\"hidden\" name=\"_wpcf7_locale\" value=\"es_ES\" \/>\n<input type=\"hidden\" name=\"_wpcf7_unit_tag\" value=\"wpcf7-f10-o1\" \/>\n<input type=\"hidden\" name=\"_wpcf7_container_post\" value=\"0\" \/>\n<input type=\"hidden\" name=\"_wpcf7_posted_data_hash\" value=\"\" \/>\n<input type=\"hidden\" name=\"_wpcf7_recaptcha_response\" value=\"\" \/>\n<\/div>\n<p><label>Su nombre<br \/>\n<span class=\"wpcf7-form-control-wrap\" data-name=\"your-name\"><input size=\"40\" maxlength=\"400\" class=\"wpcf7-form-control wpcf7-text wpcf7-validates-as-required\" aria-required=\"true\" aria-invalid=\"false\" value=\"\" type=\"text\" name=\"your-name\" \/><\/span> <\/label>\n<\/p>\n<p><label>Su correo electr\u00f3nico<br \/>\n<span class=\"wpcf7-form-control-wrap\" data-name=\"your-email\"><input size=\"40\" maxlength=\"400\" class=\"wpcf7-form-control wpcf7-email wpcf7-validates-as-required wpcf7-text wpcf7-validates-as-email\" aria-required=\"true\" aria-invalid=\"false\" value=\"\" type=\"email\" name=\"your-email\" \/><\/span> <\/label>\n<\/p>\n<p><label>Tel\u00e9fono de Contacto<br \/>\n<span class=\"wpcf7-form-control-wrap\" data-name=\"your-phone\"><input size=\"40\" maxlength=\"400\" class=\"wpcf7-form-control wpcf7-text wpcf7-validates-as-required\" aria-required=\"true\" aria-invalid=\"false\" value=\"\" type=\"text\" name=\"your-phone\" \/><\/span> <\/label>\n<\/p>\n<p><label>C\u00f3digo Postal<br \/>\n<span class=\"wpcf7-form-control-wrap\" data-name=\"postal-code\"><input size=\"40\" maxlength=\"400\" class=\"wpcf7-form-control wpcf7-text wpcf7-validates-as-required\" aria-required=\"true\" aria-invalid=\"false\" value=\"\" type=\"text\" name=\"postal-code\" \/><\/span> <\/label>\n<\/p>\n<p>Todos los campos son necesarios para procesar la solicitud\n<\/p>\n<p><span class=\"wpcf7-form-control-wrap\" data-name=\"acceptance-716\"><span class=\"wpcf7-form-control wpcf7-acceptance\"><span class=\"wpcf7-list-item\"><label><input type=\"checkbox\" name=\"acceptance-716\" value=\"1\" aria-invalid=\"false\" \/><span class=\"wpcf7-list-item-label\">Acepto expl\u00edcitamente el tratamiento de mis datos personales aportados en el mensaje para la respuesta a este correo electr\u00f3nico y seg\u00fan lo descrito en la <a href=\"http:\/\/malditatarjeta.es\/politica-privacidad\/\" target=\"_blank\">Pol\u00edtica de Privacidad<\/a><\/span><\/label><\/span><\/span><\/span>\n<\/p>\n<input class=\"wpcf7-form-control wpcf7-hidden\" value=\"Tarjetas Revolving\" type=\"hidden\" name=\"campana\" \/>\n<div style=\"text-align: right\">\n\t<p><input class=\"wpcf7-form-control wpcf7-submit has-spinner\" type=\"submit\" value=\"Contactar\" \/>\n\t<\/p>\n<\/div><div class=\"wpcf7-response-output\" aria-hidden=\"true\"><\/div>\n<\/form>\n<\/div>\n[\/vc_column_inner][\/vc_row_inner][vc_empty_space][vc_separator][\/vc_column][\/vc_row][vc_row][vc_column][vc_custom_heading text=\u00bb\u00bfQu\u00e9 es una Tarjeta Revolving?\u00bb use_theme_fonts=\u00bbyes\u00bb][vc_empty_space][vc_column_text el_class=\u00bbcontacto\u00bb]Las Tarjetas Revolving son tarjetas de cr\u00e9dito que permiten aplazar los pagos de las cantidades dispuestas a cambio de un inter\u00e9s; en lugar de abonar el total de las compras realizadas a fin de mes: se paga una cantidad fija o un porcentaje m\u00e1s los intereses de las cantidades aplazadas.<\/p>\n<p>En el caso de pagar una cantidad fija, la amortizaci\u00f3n sobre el saldo dispuesto se reduce en la cantidad correspondiente a los intereses. Lo vemos m\u00e1s claro con un ejemplo:<\/p>\n<p>Cantidad dispuesta: 1.800\u20ac<\/p>\n<p>Pago mensual: 42,39\u20ac<\/p>\n<p>De los cuales corresponden:<\/p>\n<ul>\n<li>Amortizaci\u00f3n: 13,54\u20ac<\/li>\n<li>Intereses: 25,76\u20ac<\/li>\n<\/ul>\n<p>Es decir, cuando piensas que est\u00e1s devolviendo el dinero gastado, resulta que m\u00e1s del 65% de las cuotas corresponden a intereses. Tardar\u00e1s m\u00e1s 4 a\u00f1os en devolver los 1.800\u20ac y habr\u00e1s pagado casi 1.000\u20ac de intereses.[\/vc_column_text][vc_empty_space][vc_btn title=\u00bbM\u00e1s informaci\u00f3n&#8230;\u00bb color=\u00bbdanger\u00bb align=\u00bbcenter\u00bb link=\u00bburl:%23contacto|||\u00bb][vc_empty_space][\/vc_column][\/vc_row][vc_row][vc_column][vc_custom_heading text=\u00bb\u00bfPor qu\u00e9 las Tarjetas Revolving convierten a sus usuarios en deudores cautivos?\u00bb use_theme_fonts=\u00bbyes\u00bb][vc_empty_space][vc_column_text el_class=\u00bbcontacto\u00bb]Las Tarjetas Revolving son, en realidad, cr\u00e9ditos preconcedidos; de cuyo capital se dispone a medida que se realizan compras con ellas. En el contrato se estipula la cantidad m\u00e1xima de la que se puede disponer y los intereses que se aplicar\u00e1n a las cantidades aplazadas.<\/p>\n<p>Muchas entidades incluyen el aplazamiento por defecto. Es decir: cuando se firma el contrato, las cantidades que se van a pagar en las cuotas mensuales nunca llegar\u00e1n a cubrir el capital dispuesto; con lo que se empiezan a generar intereses desde el primer euro gastado.<\/p>\n<p>Adem\u00e1s, las cantidades pagadas para amortizaci\u00f3n del capital dispuesto, por peque\u00f1as que sean, pasan a ser otra vez capital disponible. De ah\u00ed el nombre de \u00abRevolving\u00bb.[\/vc_column_text][vc_empty_space][vc_btn title=\u00bbM\u00e1s informaci\u00f3n&#8230;\u00bb color=\u00bbdanger\u00bb align=\u00bbcenter\u00bb link=\u00bburl:%23contacto|||\u00bb][vc_empty_space][\/vc_column][\/vc_row][vc_row][vc_column][vc_custom_heading text=\u00bb\u00bfQu\u00e9 puedo reclamar?\u00bb use_theme_fonts=\u00bbyes\u00bb][vc_empty_space][vc_column_text el_class=\u00bbcontacto\u00bb]Seg\u00fan sentencia del Tribunal Supremo, el titular puede reclamar, apelando a la Ley de Usura, la nulidad del contrato cuando esos intereses superan un m\u00e1ximo establecido impl\u00edcitamente en el 20% TAE y expl\u00edcitamente (sentencias) por encima del 24%.<\/p>\n<p>La Usura no prescribe ni caduca. <strong>Se pueden reclamar incluso los intereses de cr\u00e9ditos que ya hayan sido cancelados<\/strong> si se puede demostrar ese inter\u00e9s \u00abmuy por encima del precio normal del dinero\u00bb.<\/p>\n<p>En esta situaci\u00f3n pueden suceder dos cosas:<\/p>\n<ul>\n<li><strong>Las cantidades pagadas en intereses superan el capital dispuesto pendiente:<\/strong> La entidad tendr\u00e1 que devolver al cliente la diferencia entre el inter\u00e9s abonado y el capital pendiente. <em>Es decir: si se han pagado 6.000\u20ac de intereses durante toda la vida de la tarjeta y existe un saldo dispuesto de 5.000\u20ac, la entidad abonar\u00e1 los 5.000\u20ac de saldo dispuesto (cancela la tarjeta) y deber pagar los 1.000\u20ac de diferencia en intereses.<\/em><\/li>\n<li><strong>Las cantidades pagadas en intereses no llegan a cubrir el principal del capital dispuesto:<\/strong> El cliente estar\u00eda obligado a abonar a la entidad la diferencia entre el capital pendiente y el inter\u00e9s pagado. <em>Es decir: si se han pagado 3.000\u20ac de intereses durante toda la vida de la tarjeta y existe un saldo dispuesto de 5.000\u20ac, el cliente abonar\u00e1 los 2.000\u20ac de diferencia.<\/em><\/li>\n<\/ul>\n<p>Para este segundo caso existen otros procedimientos de reclamaci\u00f3n que est\u00e1n empezando a dar resultados.[\/vc_column_text][vc_empty_space][vc_btn title=\u00bbM\u00e1s informaci\u00f3n&#8230;\u00bb color=\u00bbdanger\u00bb align=\u00bbcenter\u00bb link=\u00bburl:%23contacto|||\u00bb][vc_empty_space][\/vc_column][\/vc_row][vc_row][vc_column][vc_basic_grid post_type=\u00bbpost\u00bb max_items=\u00bb10&#8243; grid_id=\u00bbvc_gid:1599754509583-5feb524b-972c-1&#8243;][\/vc_column][\/vc_row]<\/p>\n<\/div>","protected":false},"excerpt":{"rendered":"<p>[vc_row full_width=\u00bbstretch_row\u00bb css=\u00bb.vc_custom_1589962967188{padding-top: 320px !important;background-image: url(http:\/\/malditatarjeta.es\/wp-content\/uploads\/2020\/05\/6-Ways-To-Successfully-Get-Out-Of-Debt.jpg?id=13) !important;background-position: center !important;background-repeat: no-repeat !important;background-size: cover !important;}\u00bb][vc_column][vc_single_image image=\u00bb9&#8243; alignment=\u00bbcenter\u00bb][\/vc_column][\/vc_row][vc_row][vc_column][vc_empty_space height=\u00bb60px\u00bb][vc_custom_heading text=\u00bbD\u00e9jenos sus datos y nos pondremos en contacto\u00bb font_container=\u00bbtag:h1|text_align:left\u00bb use_theme_fonts=\u00bbyes\u00bb][vc_empty_space][vc_row_inner el_class=\u00bbcontacto\u00bb][vc_column_inner][\/vc_column_inner][\/vc_row_inner][vc_empty_space][vc_separator][\/vc_column][\/vc_row][vc_row][vc_column][vc_custom_heading text=\u00bb\u00bfQu\u00e9 es una Tarjeta Revolving?\u00bb use_theme_fonts=\u00bbyes\u00bb][vc_empty_space][vc_column_text el_class=\u00bbcontacto\u00bb]Las Tarjetas Revolving son tarjetas de cr\u00e9dito que permiten aplazar los pagos de las cantidades dispuestas a cambio de un inter\u00e9s; en&hellip;<\/p>\n","protected":false},"author":1,"featured_media":13,"parent":0,"menu_order":0,"comment_status":"closed","ping_status":"closed","template":"","meta":{"footnotes":""},"class_list":["post-12","page","type-page","status-publish","has-post-thumbnail","hentry"],"_links":{"self":[{"href":"https:\/\/malditatarjeta.es\/index.php?rest_route=\/wp\/v2\/pages\/12","targetHints":{"allow":["GET"]}}],"collection":[{"href":"https:\/\/malditatarjeta.es\/index.php?rest_route=\/wp\/v2\/pages"}],"about":[{"href":"https:\/\/malditatarjeta.es\/index.php?rest_route=\/wp\/v2\/types\/page"}],"author":[{"embeddable":true,"href":"https:\/\/malditatarjeta.es\/index.php?rest_route=\/wp\/v2\/users\/1"}],"replies":[{"embeddable":true,"href":"https:\/\/malditatarjeta.es\/index.php?rest_route=%2Fwp%2Fv2%2Fcomments&post=12"}],"version-history":[{"count":0,"href":"https:\/\/malditatarjeta.es\/index.php?rest_route=\/wp\/v2\/pages\/12\/revisions"}],"wp:featuredmedia":[{"embeddable":true,"href":"https:\/\/malditatarjeta.es\/index.php?rest_route=\/wp\/v2\/media\/13"}],"wp:attachment":[{"href":"https:\/\/malditatarjeta.es\/index.php?rest_route=%2Fwp%2Fv2%2Fmedia&parent=12"}],"curies":[{"name":"wp","href":"https:\/\/api.w.org\/{rel}","templated":true}]}}